{"id":2,"date":"2012-07-24T09:54:58","date_gmt":"2012-07-24T09:54:58","guid":{"rendered":"http:\/\/www.anders-blog.de\/?page_id=2"},"modified":"2024-03-14T05:03:23","modified_gmt":"2024-03-14T05:03:23","slug":"beispiel-seite","status":"publish","type":"page","link":"https:\/\/www.anders-blog.de\/?page_id=2","title":{"rendered":"Impressum"},"content":{"rendered":"<p>Verantwortlich f\u00fcr die Inhalte, gem\u00e4\u00df Telemediengesetz \u00a7 5:<\/p>\n<p>Gerrit J\u00f6ns-Anders<br \/>\nWiesenredder 82<br \/>\n22149 Hamburg<\/p>\n<p>Mail: <a href=\"mailto:gjoensanders@yahoo.com\">gjoensanders@yahoo.com<\/a><\/p>\n","protected":false},"excerpt":{"rendered":"<p>Verantwortlich f\u00fcr die Inhalte, gem\u00e4\u00df Telemediengesetz \u00a7 5: Gerrit J\u00f6ns-Anders Wiesenredder 82 22149 Hamburg Mail: gjoensanders@yahoo.com<\/p>\n","protected":false},"author":3,"featured_media":0,"parent":0,"menu_order":0,"comment_status":"closed","ping_status":"open","template":"","meta":{"footnotes":""},"class_list":["post-2","page","type-page","status-publish","hentry"],"_links":{"self":[{"href":"https:\/\/www.anders-blog.de\/index.php?rest_route=\/wp\/v2\/pages\/2","targetHints":{"allow":["GET"]}}],"collection":[{"href":"https:\/\/www.anders-blog.de\/index.php?rest_route=\/wp\/v2\/pages"}],"about":[{"href":"https:\/\/www.anders-blog.de\/index.php?rest_route=\/wp\/v2\/types\/page"}],"author":[{"embeddable":true,"href":"https:\/\/www.anders-blog.de\/index.php?rest_route=\/wp\/v2\/users\/3"}],"replies":[{"embeddable":true,"href":"https:\/\/www.anders-blog.de\/index.php?rest_route=%2Fwp%2Fv2%2Fcomments&post=2"}],"version-history":[{"count":6,"href":"https:\/\/www.anders-blog.de\/index.php?rest_route=\/wp\/v2\/pages\/2\/revisions"}],"predecessor-version":[{"id":7658,"href":"https:\/\/www.anders-blog.de\/index.php?rest_route=\/wp\/v2\/pages\/2\/revisions\/7658"}],"wp:attachment":[{"href":"https:\/\/www.anders-blog.de\/index.php?rest_route=%2Fwp%2Fv2%2Fmedia&parent=2"}],"curies":[{"name":"wp","href":"https:\/\/api.w.org\/{rel}","templated":true}]}}